{"id":1400,"date":"2021-03-27T06:27:31","date_gmt":"2021-03-27T05:27:31","guid":{"rendered":"https:\/\/twelve-assistant.com\/produit\/dans-ton-oreille\/"},"modified":"2025-12-07T11:48:00","modified_gmt":"2025-12-07T10:48:00","slug":"dans-ton-oreille","status":"publish","type":"product","link":"https:\/\/twelve-assistant.com\/en\/produit\/dans-ton-oreille\/","title":{"rendered":"Dans Ton Oreille Pro"},"content":{"rendered":"<div class=\"ratio ratio-16x9\"><iframe loading=\"lazy\" title=\"YouTube video player\" src=\"https:\/\/www.youtube.com\/embed\/XGOW26XHqtg?rel=0\" width=\"560\" height=\"315\" frameborder=\"0\" allowfullscreen=\"allowfullscreen\"><\/iframe><\/div>\n","protected":false},"excerpt":{"rendered":"<p>Voici l\u2019outil id\u00e9al pour vous entra\u00eener \u00e0 reconna\u00eetre les intervalles \u00e0 l\u2019oreille. Un parfait programme de EAR TRAINING avec lequel vous pouvez choisir de travailler votre oreille musicale par niveau de difficult\u00e9 pour que l\u2019outil vous propose les intervalles de fa\u00e7on progressive. Plusieurs modes sont disponibles, intervalles ascendants, intervalles descendants, intervalles harmoniques, en mode al\u00e9atoire\u2026 Vous pouvez aussi gr\u00e2ce \u00e0 lui, rep\u00e9rer ces diff\u00e9rents intervalles sur le manche avec des quiz renouvel\u00e9s \u00e0 l\u2019infini, vous avez 5 minutes de libre ? Vous pouvez bosser votre oreille !!!<\/p>\n","protected":false},"featured_media":1336,"comment_status":"open","ping_status":"closed","template":"","meta":{"_acf_changed":false},"product_brand":[],"product_cat":[360],"product_tag":[],"class_list":{"0":"post-1400","1":"product","2":"type-product","3":"status-publish","4":"has-post-thumbnail","6":"product_cat-uncategorized","8":"first","9":"instock","10":"virtual","11":"sold-individually","12":"taxable","13":"purchasable","14":"product-type-subscription"},"acf":[],"yoast_head":"<!-- This site is optimized with the Yoast SEO plugin v27.5 - https:\/\/yoast.com\/product\/yoast-seo-wordpress\/ -->\n<title>Dans Ton Oreille Pro - Twelve Assistant<\/title>\n<meta name=\"robots\" content=\"index, follow, max-snippet:-1, max-image-preview:large, max-video-preview:-1\" \/>\n<link rel=\"canonical\" href=\"https:\/\/twelve-assistant.com\/en\/produit\/dans-ton-oreille\/\" \/>\n<meta property=\"og:locale\" content=\"en_US\" \/>\n<meta property=\"og:type\" content=\"article\" \/>\n<meta property=\"og:title\" content=\"Dans Ton Oreille Pro - S&#039;entra\u00eener \u00e0 reconna\u00eetre les intervalles \u00e0 l\u2019oreille et \u00e0 l&#039;oeil\" \/>\n<meta property=\"og:description\" content=\"Voici l\u2019outil id\u00e9al pour vous entra\u00eener \u00e0 reconna\u00eetre les intervalles \u00e0 l\u2019oreille. Un parfait programme de EAR TRAINING avec lequel vous pouvez choisir de travailler votre oreille musicale par niveau de difficult\u00e9 pour que l\u2019outil vous propose les intervalles de fa\u00e7on progressive. Plusieurs modes sont disponibles, intervalles ascendants, intervalles descendants, intervalles harmoniques, en mode al\u00e9atoire\u2026 Vous pouvez aussi gr\u00e2ce \u00e0 lui, rep\u00e9rer ces diff\u00e9rents intervalles sur le manche avec des quiz renouvel\u00e9s \u00e0 l\u2019infini, vous avez 5 minutes de libre ? Vous pouvez bosser votre oreille !!!\" \/>\n<meta property=\"og:url\" content=\"https:\/\/twelve-assistant.com\/en\/produit\/dans-ton-oreille\/\" \/>\n<meta property=\"og:site_name\" content=\"Twelve Assistant\" \/>\n<meta property=\"article:modified_time\" content=\"2025-12-07T10:48:00+00:00\" \/>\n<meta property=\"og:image\" content=\"https:\/\/twelve-assistant.com\/wp-content\/uploads\/2021\/03\/visuelsocial_dot-1.jpg\" \/>\n\t<meta property=\"og:image:width\" content=\"1800\" \/>\n\t<meta property=\"og:image:height\" content=\"947\" \/>\n\t<meta property=\"og:image:type\" content=\"image\/jpeg\" \/>\n<meta name=\"twitter:card\" content=\"summary_large_image\" \/>\n<script type=\"application\/ld+json\" class=\"yoast-schema-graph\">{\"@context\":\"https:\\\/\\\/schema.org\",\"@graph\":[{\"@type\":\"WebPage\",\"@id\":\"https:\\\/\\\/twelve-assistant.com\\\/en\\\/produit\\\/dans-ton-oreille\\\/\",\"url\":\"https:\\\/\\\/twelve-assistant.com\\\/en\\\/produit\\\/dans-ton-oreille\\\/\",\"name\":\"Dans Ton Oreille Pro - Twelve Assistant\",\"isPartOf\":{\"@id\":\"https:\\\/\\\/twelve-assistant.com\\\/#website\"},\"primaryImageOfPage\":{\"@id\":\"https:\\\/\\\/twelve-assistant.com\\\/en\\\/produit\\\/dans-ton-oreille\\\/#primaryimage\"},\"image\":{\"@id\":\"https:\\\/\\\/twelve-assistant.com\\\/en\\\/produit\\\/dans-ton-oreille\\\/#primaryimage\"},\"thumbnailUrl\":\"https:\\\/\\\/twelve-assistant.com\\\/wp-content\\\/uploads\\\/2021\\\/03\\\/dto2-scaled.png\",\"datePublished\":\"2021-03-27T05:27:31+00:00\",\"dateModified\":\"2025-12-07T10:48:00+00:00\",\"breadcrumb\":{\"@id\":\"https:\\\/\\\/twelve-assistant.com\\\/en\\\/produit\\\/dans-ton-oreille\\\/#breadcrumb\"},\"inLanguage\":\"en-US\",\"potentialAction\":[{\"@type\":\"ReadAction\",\"target\":[\"https:\\\/\\\/twelve-assistant.com\\\/en\\\/produit\\\/dans-ton-oreille\\\/\"]}]},{\"@type\":\"ImageObject\",\"inLanguage\":\"en-US\",\"@id\":\"https:\\\/\\\/twelve-assistant.com\\\/en\\\/produit\\\/dans-ton-oreille\\\/#primaryimage\",\"url\":\"https:\\\/\\\/twelve-assistant.com\\\/wp-content\\\/uploads\\\/2021\\\/03\\\/dto2-scaled.png\",\"contentUrl\":\"https:\\\/\\\/twelve-assistant.com\\\/wp-content\\\/uploads\\\/2021\\\/03\\\/dto2-scaled.png\",\"width\":2560,\"height\":1788},{\"@type\":\"BreadcrumbList\",\"@id\":\"https:\\\/\\\/twelve-assistant.com\\\/en\\\/produit\\\/dans-ton-oreille\\\/#breadcrumb\",\"itemListElement\":[{\"@type\":\"ListItem\",\"position\":1,\"name\":\"Accueil\",\"item\":\"https:\\\/\\\/twelve-assistant.com\\\/en\\\/\"},{\"@type\":\"ListItem\",\"position\":2,\"name\":\"Boutique\",\"item\":\"https:\\\/\\\/twelve-assistant.com\\\/boutique\\\/\"},{\"@type\":\"ListItem\",\"position\":3,\"name\":\"Dans Ton Oreille Pro\"}]},{\"@type\":\"WebSite\",\"@id\":\"https:\\\/\\\/twelve-assistant.com\\\/#website\",\"url\":\"https:\\\/\\\/twelve-assistant.com\\\/\",\"name\":\"Twelve Assistant\",\"description\":\"L&#039;assistant du guitariste\",\"publisher\":{\"@id\":\"https:\\\/\\\/twelve-assistant.com\\\/#organization\"},\"potentialAction\":[{\"@type\":\"SearchAction\",\"target\":{\"@type\":\"EntryPoint\",\"urlTemplate\":\"https:\\\/\\\/twelve-assistant.com\\\/?s={search_term_string}\"},\"query-input\":{\"@type\":\"PropertyValueSpecification\",\"valueRequired\":true,\"valueName\":\"search_term_string\"}}],\"inLanguage\":\"en-US\"},{\"@type\":\"Organization\",\"@id\":\"https:\\\/\\\/twelve-assistant.com\\\/#organization\",\"name\":\"Twelve-Assistant\",\"url\":\"https:\\\/\\\/twelve-assistant.com\\\/\",\"logo\":{\"@type\":\"ImageObject\",\"inLanguage\":\"en-US\",\"@id\":\"https:\\\/\\\/twelve-assistant.com\\\/#\\\/schema\\\/logo\\\/image\\\/\",\"url\":\"https:\\\/\\\/twelve-assistant.com\\\/wp-content\\\/uploads\\\/2021\\\/03\\\/twelvelogo-black.png\",\"contentUrl\":\"https:\\\/\\\/twelve-assistant.com\\\/wp-content\\\/uploads\\\/2021\\\/03\\\/twelvelogo-black.png\",\"width\":596,\"height\":541,\"caption\":\"Twelve-Assistant\"},\"image\":{\"@id\":\"https:\\\/\\\/twelve-assistant.com\\\/#\\\/schema\\\/logo\\\/image\\\/\"}}]}<\/script>\n<!-- \/ Yoast SEO plugin. -->","yoast_head_json":{"title":"Dans Ton Oreille Pro - Twelve Assistant","robots":{"index":"index","follow":"follow","max-snippet":"max-snippet:-1","max-image-preview":"max-image-preview:large","max-video-preview":"max-video-preview:-1"},"canonical":"https:\/\/twelve-assistant.com\/en\/produit\/dans-ton-oreille\/","og_locale":"en_US","og_type":"article","og_title":"Dans Ton Oreille Pro - S'entra\u00eener \u00e0 reconna\u00eetre les intervalles \u00e0 l\u2019oreille et \u00e0 l'oeil","og_description":"Voici l\u2019outil id\u00e9al pour vous entra\u00eener \u00e0 reconna\u00eetre les intervalles \u00e0 l\u2019oreille. Un parfait programme de EAR TRAINING avec lequel vous pouvez choisir de travailler votre oreille musicale par niveau de difficult\u00e9 pour que l\u2019outil vous propose les intervalles de fa\u00e7on progressive. Plusieurs modes sont disponibles, intervalles ascendants, intervalles descendants, intervalles harmoniques, en mode al\u00e9atoire\u2026 Vous pouvez aussi gr\u00e2ce \u00e0 lui, rep\u00e9rer ces diff\u00e9rents intervalles sur le manche avec des quiz renouvel\u00e9s \u00e0 l\u2019infini, vous avez 5 minutes de libre ? Vous pouvez bosser votre oreille !!!","og_url":"https:\/\/twelve-assistant.com\/en\/produit\/dans-ton-oreille\/","og_site_name":"Twelve Assistant","article_modified_time":"2025-12-07T10:48:00+00:00","og_image":[{"width":1800,"height":947,"url":"https:\/\/twelve-assistant.com\/wp-content\/uploads\/2021\/03\/visuelsocial_dot-1.jpg","type":"image\/jpeg"}],"twitter_card":"summary_large_image","schema":{"@context":"https:\/\/schema.org","@graph":[{"@type":"WebPage","@id":"https:\/\/twelve-assistant.com\/en\/produit\/dans-ton-oreille\/","url":"https:\/\/twelve-assistant.com\/en\/produit\/dans-ton-oreille\/","name":"Dans Ton Oreille Pro - Twelve Assistant","isPartOf":{"@id":"https:\/\/twelve-assistant.com\/#website"},"primaryImageOfPage":{"@id":"https:\/\/twelve-assistant.com\/en\/produit\/dans-ton-oreille\/#primaryimage"},"image":{"@id":"https:\/\/twelve-assistant.com\/en\/produit\/dans-ton-oreille\/#primaryimage"},"thumbnailUrl":"https:\/\/twelve-assistant.com\/wp-content\/uploads\/2021\/03\/dto2-scaled.png","datePublished":"2021-03-27T05:27:31+00:00","dateModified":"2025-12-07T10:48:00+00:00","breadcrumb":{"@id":"https:\/\/twelve-assistant.com\/en\/produit\/dans-ton-oreille\/#breadcrumb"},"inLanguage":"en-US","potentialAction":[{"@type":"ReadAction","target":["https:\/\/twelve-assistant.com\/en\/produit\/dans-ton-oreille\/"]}]},{"@type":"ImageObject","inLanguage":"en-US","@id":"https:\/\/twelve-assistant.com\/en\/produit\/dans-ton-oreille\/#primaryimage","url":"https:\/\/twelve-assistant.com\/wp-content\/uploads\/2021\/03\/dto2-scaled.png","contentUrl":"https:\/\/twelve-assistant.com\/wp-content\/uploads\/2021\/03\/dto2-scaled.png","width":2560,"height":1788},{"@type":"BreadcrumbList","@id":"https:\/\/twelve-assistant.com\/en\/produit\/dans-ton-oreille\/#breadcrumb","itemListElement":[{"@type":"ListItem","position":1,"name":"Accueil","item":"https:\/\/twelve-assistant.com\/en\/"},{"@type":"ListItem","position":2,"name":"Boutique","item":"https:\/\/twelve-assistant.com\/boutique\/"},{"@type":"ListItem","position":3,"name":"Dans Ton Oreille Pro"}]},{"@type":"WebSite","@id":"https:\/\/twelve-assistant.com\/#website","url":"https:\/\/twelve-assistant.com\/","name":"Twelve Assistant","description":"L&#039;assistant du guitariste","publisher":{"@id":"https:\/\/twelve-assistant.com\/#organization"},"potentialAction":[{"@type":"SearchAction","target":{"@type":"EntryPoint","urlTemplate":"https:\/\/twelve-assistant.com\/?s={search_term_string}"},"query-input":{"@type":"PropertyValueSpecification","valueRequired":true,"valueName":"search_term_string"}}],"inLanguage":"en-US"},{"@type":"Organization","@id":"https:\/\/twelve-assistant.com\/#organization","name":"Twelve-Assistant","url":"https:\/\/twelve-assistant.com\/","logo":{"@type":"ImageObject","inLanguage":"en-US","@id":"https:\/\/twelve-assistant.com\/#\/schema\/logo\/image\/","url":"https:\/\/twelve-assistant.com\/wp-content\/uploads\/2021\/03\/twelvelogo-black.png","contentUrl":"https:\/\/twelve-assistant.com\/wp-content\/uploads\/2021\/03\/twelvelogo-black.png","width":596,"height":541,"caption":"Twelve-Assistant"},"image":{"@id":"https:\/\/twelve-assistant.com\/#\/schema\/logo\/image\/"}}]}},"_links":{"self":[{"href":"https:\/\/twelve-assistant.com\/en\/wp-json\/wp\/v2\/product\/1400","targetHints":{"allow":["GET"]}}],"collection":[{"href":"https:\/\/twelve-assistant.com\/en\/wp-json\/wp\/v2\/product"}],"about":[{"href":"https:\/\/twelve-assistant.com\/en\/wp-json\/wp\/v2\/types\/product"}],"replies":[{"embeddable":true,"href":"https:\/\/twelve-assistant.com\/en\/wp-json\/wp\/v2\/comments?post=1400"}],"wp:featuredmedia":[{"embeddable":true,"href":"https:\/\/twelve-assistant.com\/en\/wp-json\/wp\/v2\/media\/1336"}],"wp:attachment":[{"href":"https:\/\/twelve-assistant.com\/en\/wp-json\/wp\/v2\/media?parent=1400"}],"wp:term":[{"taxonomy":"product_brand","embeddable":true,"href":"https:\/\/twelve-assistant.com\/en\/wp-json\/wp\/v2\/product_brand?post=1400"},{"taxonomy":"product_cat","embeddable":true,"href":"https:\/\/twelve-assistant.com\/en\/wp-json\/wp\/v2\/product_cat?post=1400"},{"taxonomy":"product_tag","embeddable":true,"href":"https:\/\/twelve-assistant.com\/en\/wp-json\/wp\/v2\/product_tag?post=1400"}],"curies":[{"name":"wp","href":"https:\/\/api.w.org\/{rel}","templated":true}]}}