{"id":1399,"date":"2021-03-26T16:06:41","date_gmt":"2021-03-26T15:06:41","guid":{"rendered":"https:\/\/twelve-assistant.com\/produit\/twelve-assistant\/"},"modified":"2025-12-05T13:13:48","modified_gmt":"2025-12-05T12:13:48","slug":"twelve-assistant-premiere-version","status":"publish","type":"product","link":"https:\/\/twelve-assistant.com\/en\/produit\/twelve-assistant-premiere-version\/","title":{"rendered":"Twelve Assistant v1"},"content":{"rendered":"","protected":false},"excerpt":{"rendered":"<p class=\"p1\">Ce produit est uniquement accessible aux anciens abonn\u00e9s qui souhaitent effectuer un renouvellement anticip\u00e9 des abonnements historique, et donne acc\u00e8s \u00e0 l&#8217;offre Twelve-Assistant Premium 20 pupitres. Il n\u2019est pas ouvert aux nouvelles souscriptions.<\/p>\n","protected":false},"featured_media":8363,"comment_status":"open","ping_status":"closed","template":"","meta":{"_acf_changed":false},"product_brand":[],"product_cat":[378],"product_tag":[],"class_list":{"0":"post-1399","1":"product","2":"type-product","3":"status-publish","4":"has-post-thumbnail","6":"product_cat-twelve-assistant-en","8":"first","9":"instock","10":"virtual","11":"sold-individually","12":"taxable","13":"purchasable","14":"product-type-subscription"},"acf":[],"yoast_head":"<!-- This site is optimized with the Yoast SEO plugin v27.5 - https:\/\/yoast.com\/product\/yoast-seo-wordpress\/ -->\n<title>Twelve Assistant v1 - L&#039;assistant du guitariste d\u00e9butant \u00e0 expert<\/title>\n<meta name=\"description\" content=\"Ah ! Le voici, l\u2019assistant id\u00e9al du guitariste ! Une solution en ligne pour vous \u00e9pauler dans vos progr\u00e8s, une v\u00e9ritable r\u00e9volution pour votre jeu ! Quel que soit votre niveau et votre style, vous trouverez 1000 fa\u00e7ons cr\u00e9atives de vous en servir. Vous n\u2019osiez m\u00eame pas r\u00eaver qu\u2019un tel truc soit possible\u2026Rep\u00e9rer \/ comprendre \/ entendre \/ cr\u00e9er \/ s\u2019entra\u00eener \/ s\u2019entraider\" \/>\n<meta name=\"robots\" content=\"index, follow, max-snippet:-1, max-image-preview:large, max-video-preview:-1\" \/>\n<link rel=\"canonical\" href=\"https:\/\/twelve-assistant.com\/en\/produit\/twelve-assistant-premiere-version\/\" \/>\n<meta property=\"og:locale\" content=\"en_US\" \/>\n<meta property=\"og:type\" content=\"article\" \/>\n<meta property=\"og:title\" content=\"Twelve-Assistant - L&#039;assistant du guitariste d\u00e9butant \u00e0 expert\" \/>\n<meta property=\"og:description\" content=\"Une machine en ligne ultime et \u00e9volutive, pour rep\u00e9rer - entendre - connecter - imprimer - inventer - modifier toutes les gammes\/modes et tous les accords, sur tout le manche ! Avec des sons 100% bio enregistr\u00e9 un par un \u00e0 la Telecaster, pas de sons en plastique l\u00e0 dedans.. Yeah !\" \/>\n<meta property=\"og:url\" content=\"https:\/\/twelve-assistant.com\/en\/produit\/twelve-assistant-premiere-version\/\" \/>\n<meta property=\"og:site_name\" content=\"Twelve Assistant\" \/>\n<meta property=\"article:modified_time\" content=\"2025-12-05T12:13:48+00:00\" \/>\n<meta property=\"og:image\" content=\"https:\/\/twelve-assistant.com\/wp-content\/uploads\/2021\/03\/visuelsocial_ta.jpg\" \/>\n\t<meta property=\"og:image:width\" content=\"1800\" \/>\n\t<meta property=\"og:image:height\" content=\"947\" \/>\n\t<meta property=\"og:image:type\" content=\"image\/jpeg\" \/>\n<meta name=\"twitter:card\" content=\"summary_large_image\" \/>\n<meta name=\"twitter:label1\" content=\"Est. reading time\" \/>\n\t<meta name=\"twitter:data1\" content=\"1 minute\" \/>\n<script type=\"application\/ld+json\" class=\"yoast-schema-graph\">{\"@context\":\"https:\\\/\\\/schema.org\",\"@graph\":[{\"@type\":\"WebPage\",\"@id\":\"https:\\\/\\\/twelve-assistant.com\\\/en\\\/produit\\\/twelve-assistant-premiere-version\\\/\",\"url\":\"https:\\\/\\\/twelve-assistant.com\\\/en\\\/produit\\\/twelve-assistant-premiere-version\\\/\",\"name\":\"Twelve Assistant v1 - L'assistant du guitariste d\u00e9butant \u00e0 expert\",\"isPartOf\":{\"@id\":\"https:\\\/\\\/twelve-assistant.com\\\/#website\"},\"primaryImageOfPage\":{\"@id\":\"https:\\\/\\\/twelve-assistant.com\\\/en\\\/produit\\\/twelve-assistant-premiere-version\\\/#primaryimage\"},\"image\":{\"@id\":\"https:\\\/\\\/twelve-assistant.com\\\/en\\\/produit\\\/twelve-assistant-premiere-version\\\/#primaryimage\"},\"thumbnailUrl\":\"https:\\\/\\\/twelve-assistant.com\\\/wp-content\\\/uploads\\\/2021\\\/03\\\/capt1-scaled.png\",\"datePublished\":\"2021-03-26T15:06:41+00:00\",\"dateModified\":\"2025-12-05T12:13:48+00:00\",\"description\":\"Ah ! Le voici, l\u2019assistant id\u00e9al du guitariste ! Une solution en ligne pour vous \u00e9pauler dans vos progr\u00e8s, une v\u00e9ritable r\u00e9volution pour votre jeu ! Quel que soit votre niveau et votre style, vous trouverez 1000 fa\u00e7ons cr\u00e9atives de vous en servir. Vous n\u2019osiez m\u00eame pas r\u00eaver qu\u2019un tel truc soit possible\u2026Rep\u00e9rer \\\/ comprendre \\\/ entendre \\\/ cr\u00e9er \\\/ s\u2019entra\u00eener \\\/ s\u2019entraider\",\"breadcrumb\":{\"@id\":\"https:\\\/\\\/twelve-assistant.com\\\/en\\\/produit\\\/twelve-assistant-premiere-version\\\/#breadcrumb\"},\"inLanguage\":\"en-US\",\"potentialAction\":[{\"@type\":\"ReadAction\",\"target\":[\"https:\\\/\\\/twelve-assistant.com\\\/en\\\/produit\\\/twelve-assistant-premiere-version\\\/\"]}]},{\"@type\":\"ImageObject\",\"inLanguage\":\"en-US\",\"@id\":\"https:\\\/\\\/twelve-assistant.com\\\/en\\\/produit\\\/twelve-assistant-premiere-version\\\/#primaryimage\",\"url\":\"https:\\\/\\\/twelve-assistant.com\\\/wp-content\\\/uploads\\\/2021\\\/03\\\/capt1-scaled.png\",\"contentUrl\":\"https:\\\/\\\/twelve-assistant.com\\\/wp-content\\\/uploads\\\/2021\\\/03\\\/capt1-scaled.png\",\"width\":2560,\"height\":1946},{\"@type\":\"BreadcrumbList\",\"@id\":\"https:\\\/\\\/twelve-assistant.com\\\/en\\\/produit\\\/twelve-assistant-premiere-version\\\/#breadcrumb\",\"itemListElement\":[{\"@type\":\"ListItem\",\"position\":1,\"name\":\"Accueil\",\"item\":\"https:\\\/\\\/twelve-assistant.com\\\/en\\\/\"},{\"@type\":\"ListItem\",\"position\":2,\"name\":\"Boutique\",\"item\":\"https:\\\/\\\/twelve-assistant.com\\\/boutique\\\/\"},{\"@type\":\"ListItem\",\"position\":3,\"name\":\"Twelve Assistant v1\"}]},{\"@type\":\"WebSite\",\"@id\":\"https:\\\/\\\/twelve-assistant.com\\\/#website\",\"url\":\"https:\\\/\\\/twelve-assistant.com\\\/\",\"name\":\"Twelve Assistant\",\"description\":\"L&#039;assistant du guitariste\",\"publisher\":{\"@id\":\"https:\\\/\\\/twelve-assistant.com\\\/#organization\"},\"potentialAction\":[{\"@type\":\"SearchAction\",\"target\":{\"@type\":\"EntryPoint\",\"urlTemplate\":\"https:\\\/\\\/twelve-assistant.com\\\/?s={search_term_string}\"},\"query-input\":{\"@type\":\"PropertyValueSpecification\",\"valueRequired\":true,\"valueName\":\"search_term_string\"}}],\"inLanguage\":\"en-US\"},{\"@type\":\"Organization\",\"@id\":\"https:\\\/\\\/twelve-assistant.com\\\/#organization\",\"name\":\"Twelve-Assistant\",\"url\":\"https:\\\/\\\/twelve-assistant.com\\\/\",\"logo\":{\"@type\":\"ImageObject\",\"inLanguage\":\"en-US\",\"@id\":\"https:\\\/\\\/twelve-assistant.com\\\/#\\\/schema\\\/logo\\\/image\\\/\",\"url\":\"https:\\\/\\\/twelve-assistant.com\\\/wp-content\\\/uploads\\\/2021\\\/03\\\/twelvelogo-black.png\",\"contentUrl\":\"https:\\\/\\\/twelve-assistant.com\\\/wp-content\\\/uploads\\\/2021\\\/03\\\/twelvelogo-black.png\",\"width\":596,\"height\":541,\"caption\":\"Twelve-Assistant\"},\"image\":{\"@id\":\"https:\\\/\\\/twelve-assistant.com\\\/#\\\/schema\\\/logo\\\/image\\\/\"}}]}<\/script>\n<!-- \/ Yoast SEO plugin. -->","yoast_head_json":{"title":"Twelve Assistant v1 - L'assistant du guitariste d\u00e9butant \u00e0 expert","description":"Ah ! Le voici, l\u2019assistant id\u00e9al du guitariste ! Une solution en ligne pour vous \u00e9pauler dans vos progr\u00e8s, une v\u00e9ritable r\u00e9volution pour votre jeu ! Quel que soit votre niveau et votre style, vous trouverez 1000 fa\u00e7ons cr\u00e9atives de vous en servir. Vous n\u2019osiez m\u00eame pas r\u00eaver qu\u2019un tel truc soit possible\u2026Rep\u00e9rer \/ comprendre \/ entendre \/ cr\u00e9er \/ s\u2019entra\u00eener \/ s\u2019entraider","robots":{"index":"index","follow":"follow","max-snippet":"max-snippet:-1","max-image-preview":"max-image-preview:large","max-video-preview":"max-video-preview:-1"},"canonical":"https:\/\/twelve-assistant.com\/en\/produit\/twelve-assistant-premiere-version\/","og_locale":"en_US","og_type":"article","og_title":"Twelve-Assistant - L'assistant du guitariste d\u00e9butant \u00e0 expert","og_description":"Une machine en ligne ultime et \u00e9volutive, pour rep\u00e9rer - entendre - connecter - imprimer - inventer - modifier toutes les gammes\/modes et tous les accords, sur tout le manche ! Avec des sons 100% bio enregistr\u00e9 un par un \u00e0 la Telecaster, pas de sons en plastique l\u00e0 dedans.. Yeah !","og_url":"https:\/\/twelve-assistant.com\/en\/produit\/twelve-assistant-premiere-version\/","og_site_name":"Twelve Assistant","article_modified_time":"2025-12-05T12:13:48+00:00","og_image":[{"width":1800,"height":947,"url":"https:\/\/twelve-assistant.com\/wp-content\/uploads\/2021\/03\/visuelsocial_ta.jpg","type":"image\/jpeg"}],"twitter_card":"summary_large_image","twitter_misc":{"Est. reading time":"1 minute"},"schema":{"@context":"https:\/\/schema.org","@graph":[{"@type":"WebPage","@id":"https:\/\/twelve-assistant.com\/en\/produit\/twelve-assistant-premiere-version\/","url":"https:\/\/twelve-assistant.com\/en\/produit\/twelve-assistant-premiere-version\/","name":"Twelve Assistant v1 - L'assistant du guitariste d\u00e9butant \u00e0 expert","isPartOf":{"@id":"https:\/\/twelve-assistant.com\/#website"},"primaryImageOfPage":{"@id":"https:\/\/twelve-assistant.com\/en\/produit\/twelve-assistant-premiere-version\/#primaryimage"},"image":{"@id":"https:\/\/twelve-assistant.com\/en\/produit\/twelve-assistant-premiere-version\/#primaryimage"},"thumbnailUrl":"https:\/\/twelve-assistant.com\/wp-content\/uploads\/2021\/03\/capt1-scaled.png","datePublished":"2021-03-26T15:06:41+00:00","dateModified":"2025-12-05T12:13:48+00:00","description":"Ah ! Le voici, l\u2019assistant id\u00e9al du guitariste ! Une solution en ligne pour vous \u00e9pauler dans vos progr\u00e8s, une v\u00e9ritable r\u00e9volution pour votre jeu ! Quel que soit votre niveau et votre style, vous trouverez 1000 fa\u00e7ons cr\u00e9atives de vous en servir. Vous n\u2019osiez m\u00eame pas r\u00eaver qu\u2019un tel truc soit possible\u2026Rep\u00e9rer \/ comprendre \/ entendre \/ cr\u00e9er \/ s\u2019entra\u00eener \/ s\u2019entraider","breadcrumb":{"@id":"https:\/\/twelve-assistant.com\/en\/produit\/twelve-assistant-premiere-version\/#breadcrumb"},"inLanguage":"en-US","potentialAction":[{"@type":"ReadAction","target":["https:\/\/twelve-assistant.com\/en\/produit\/twelve-assistant-premiere-version\/"]}]},{"@type":"ImageObject","inLanguage":"en-US","@id":"https:\/\/twelve-assistant.com\/en\/produit\/twelve-assistant-premiere-version\/#primaryimage","url":"https:\/\/twelve-assistant.com\/wp-content\/uploads\/2021\/03\/capt1-scaled.png","contentUrl":"https:\/\/twelve-assistant.com\/wp-content\/uploads\/2021\/03\/capt1-scaled.png","width":2560,"height":1946},{"@type":"BreadcrumbList","@id":"https:\/\/twelve-assistant.com\/en\/produit\/twelve-assistant-premiere-version\/#breadcrumb","itemListElement":[{"@type":"ListItem","position":1,"name":"Accueil","item":"https:\/\/twelve-assistant.com\/en\/"},{"@type":"ListItem","position":2,"name":"Boutique","item":"https:\/\/twelve-assistant.com\/boutique\/"},{"@type":"ListItem","position":3,"name":"Twelve Assistant v1"}]},{"@type":"WebSite","@id":"https:\/\/twelve-assistant.com\/#website","url":"https:\/\/twelve-assistant.com\/","name":"Twelve Assistant","description":"L&#039;assistant du guitariste","publisher":{"@id":"https:\/\/twelve-assistant.com\/#organization"},"potentialAction":[{"@type":"SearchAction","target":{"@type":"EntryPoint","urlTemplate":"https:\/\/twelve-assistant.com\/?s={search_term_string}"},"query-input":{"@type":"PropertyValueSpecification","valueRequired":true,"valueName":"search_term_string"}}],"inLanguage":"en-US"},{"@type":"Organization","@id":"https:\/\/twelve-assistant.com\/#organization","name":"Twelve-Assistant","url":"https:\/\/twelve-assistant.com\/","logo":{"@type":"ImageObject","inLanguage":"en-US","@id":"https:\/\/twelve-assistant.com\/#\/schema\/logo\/image\/","url":"https:\/\/twelve-assistant.com\/wp-content\/uploads\/2021\/03\/twelvelogo-black.png","contentUrl":"https:\/\/twelve-assistant.com\/wp-content\/uploads\/2021\/03\/twelvelogo-black.png","width":596,"height":541,"caption":"Twelve-Assistant"},"image":{"@id":"https:\/\/twelve-assistant.com\/#\/schema\/logo\/image\/"}}]}},"_links":{"self":[{"href":"https:\/\/twelve-assistant.com\/en\/wp-json\/wp\/v2\/product\/1399","targetHints":{"allow":["GET"]}}],"collection":[{"href":"https:\/\/twelve-assistant.com\/en\/wp-json\/wp\/v2\/product"}],"about":[{"href":"https:\/\/twelve-assistant.com\/en\/wp-json\/wp\/v2\/types\/product"}],"replies":[{"embeddable":true,"href":"https:\/\/twelve-assistant.com\/en\/wp-json\/wp\/v2\/comments?post=1399"}],"wp:featuredmedia":[{"embeddable":true,"href":"https:\/\/twelve-assistant.com\/en\/wp-json\/wp\/v2\/media\/8363"}],"wp:attachment":[{"href":"https:\/\/twelve-assistant.com\/en\/wp-json\/wp\/v2\/media?parent=1399"}],"wp:term":[{"taxonomy":"product_brand","embeddable":true,"href":"https:\/\/twelve-assistant.com\/en\/wp-json\/wp\/v2\/product_brand?post=1399"},{"taxonomy":"product_cat","embeddable":true,"href":"https:\/\/twelve-assistant.com\/en\/wp-json\/wp\/v2\/product_cat?post=1399"},{"taxonomy":"product_tag","embeddable":true,"href":"https:\/\/twelve-assistant.com\/en\/wp-json\/wp\/v2\/product_tag?post=1399"}],"curies":[{"name":"wp","href":"https:\/\/api.w.org\/{rel}","templated":true}]}}